{"id":24,"date":"2019-08-16T16:43:30","date_gmt":"2019-08-16T14:43:30","guid":{"rendered":"https:\/\/kyoto95.fr\/wc\/?post_type=product&#038;p=24"},"modified":"2026-02-16T23:01:16","modified_gmt":"2026-02-16T22:01:16","slug":"e4-riz-vinaigre","status":"publish","type":"product","link":"https:\/\/kyoto95.fr\/wc\/produit\/e4-riz-vinaigre","title":{"rendered":"E4"},"content":{"rendered":"<p>Du riz froid et l\u00e9g\u00e8rement vinaigr\u00e9 (le m\u00eame riz qu&rsquo;on utilise pour les sushis )<\/p>\n","protected":false},"excerpt":{"rendered":"<p>Riz Vinaigr\u00e9<\/p>\n","protected":false},"featured_media":96011,"template":"","meta":[],"product_brand":[],"product_cat":[17],"product_tag":[],"class_list":{"0":"post-24","1":"product","2":"type-product","3":"status-publish","4":"has-post-thumbnail","6":"product_cat-entrees","8":"first","9":"instock","10":"shipping-taxable","11":"purchasable","12":"product-type-simple"},"exclude_global_add_ons":[],"addons":[],"jetpack_sharing_enabled":true,"_links":{"self":[{"href":"https:\/\/kyoto95.fr\/wc\/wp-json\/wp\/v2\/product\/24","targetHints":{"allow":["GET"]}}],"collection":[{"href":"https:\/\/kyoto95.fr\/wc\/wp-json\/wp\/v2\/product"}],"about":[{"href":"https:\/\/kyoto95.fr\/wc\/wp-json\/wp\/v2\/types\/product"}],"wp:featuredmedia":[{"embeddable":true,"href":"https:\/\/kyoto95.fr\/wc\/wp-json\/wp\/v2\/media\/96011"}],"wp:attachment":[{"href":"https:\/\/kyoto95.fr\/wc\/wp-json\/wp\/v2\/media?parent=24"}],"wp:term":[{"taxonomy":"product_brand","embeddable":true,"href":"https:\/\/kyoto95.fr\/wc\/wp-json\/wp\/v2\/product_brand?post=24"},{"taxonomy":"product_cat","embeddable":true,"href":"https:\/\/kyoto95.fr\/wc\/wp-json\/wp\/v2\/product_cat?post=24"},{"taxonomy":"product_tag","embeddable":true,"href":"https:\/\/kyoto95.fr\/wc\/wp-json\/wp\/v2\/product_tag?post=24"}],"curies":[{"name":"wp","href":"https:\/\/api.w.org\/{rel}","templated":true}]}}