{"id":22,"date":"2019-08-16T16:42:15","date_gmt":"2019-08-16T14:42:15","guid":{"rendered":"https:\/\/kyoto95.fr\/wc\/?post_type=product&#038;p=22"},"modified":"2026-02-16T23:09:30","modified_gmt":"2026-02-16T22:09:30","slug":"e2-salade-de-chou","status":"publish","type":"product","link":"https:\/\/kyoto95.fr\/wc\/produit\/e2-salade-de-chou","title":{"rendered":"E2"},"content":{"rendered":"<p>Une salade de chou r\u00e2p\u00e9 et marin\u00e9<\/p>\n","protected":false},"excerpt":{"rendered":"<p>Salade de chou<\/p>\n","protected":false},"featured_media":96021,"template":"","meta":[],"product_brand":[],"product_cat":[17],"product_tag":[],"class_list":{"0":"post-22","1":"product","2":"type-product","3":"status-publish","4":"has-post-thumbnail","6":"product_cat-entrees","8":"first","9":"instock","10":"shipping-taxable","11":"purchasable","12":"product-type-simple"},"exclude_global_add_ons":[],"addons":[],"jetpack_sharing_enabled":true,"_links":{"self":[{"href":"https:\/\/kyoto95.fr\/wc\/wp-json\/wp\/v2\/product\/22","targetHints":{"allow":["GET"]}}],"collection":[{"href":"https:\/\/kyoto95.fr\/wc\/wp-json\/wp\/v2\/product"}],"about":[{"href":"https:\/\/kyoto95.fr\/wc\/wp-json\/wp\/v2\/types\/product"}],"wp:featuredmedia":[{"embeddable":true,"href":"https:\/\/kyoto95.fr\/wc\/wp-json\/wp\/v2\/media\/96021"}],"wp:attachment":[{"href":"https:\/\/kyoto95.fr\/wc\/wp-json\/wp\/v2\/media?parent=22"}],"wp:term":[{"taxonomy":"product_brand","embeddable":true,"href":"https:\/\/kyoto95.fr\/wc\/wp-json\/wp\/v2\/product_brand?post=22"},{"taxonomy":"product_cat","embeddable":true,"href":"https:\/\/kyoto95.fr\/wc\/wp-json\/wp\/v2\/product_cat?post=22"},{"taxonomy":"product_tag","embeddable":true,"href":"https:\/\/kyoto95.fr\/wc\/wp-json\/wp\/v2\/product_tag?post=22"}],"curies":[{"name":"wp","href":"https:\/\/api.w.org\/{rel}","templated":true}]}}